{"id":306,"date":"2022-02-24T18:17:15","date_gmt":"2022-02-24T18:17:15","guid":{"rendered":"https:\/\/vsmcentras.lt\/?post_type=product&#038;p=306"},"modified":"2024-01-30T06:06:38","modified_gmt":"2024-01-30T06:06:38","slug":"saunamojo-ginklo-kursai","status":"publish","type":"product","link":"https:\/\/vsmcentras.lt\/index.php\/product\/saunamojo-ginklo-kursai\/","title":{"rendered":"\u0160aunamojo ginklo laikymo, ne\u0161iojimosi ir panaudojimo mokymo programa"},"content":{"rendered":"<p><strong>Kurs\u0173 trukm\u0117 \u2013 30 val.<\/strong><\/p>\n<p>Asmeniui nuo 21 met\u0173 suteikiama teis\u0117 ne\u0161iotis profesinei veiklai skirtus ginklus, \u012fsigyti \u012flg\u0105j\u012f \u0161aunam\u0105j\u012f ginkl\u0105 savigynai, nuo 23 met\u0173 &#8211; \u012fsigyti trump\u0105j\u012f \u0161aunam\u0105j\u012f ginkl\u0105 savigynos tikslams. Mokytis priimami asmenys, sulauk\u0119 18 met\u0173.<\/p>\n<p>Teorin\u0117s dalies mokymo metu mokiniai supa\u017eindinami su \u0161aunamaisiais ginklais, j\u0173 \u012fvairove, panaudojimo taisykl\u0117mis, \u012fstatymais, reglamentuojan\u010diais ginkl\u0173 ir \u0161audmen\u0173 apyvart\u0105, saugaus elgesio su ginklais taisykl\u0117mis ir kitais \u012fstatymais bei norminiais teis\u0117s aktais, nustatan\u010diais ginkl\u0173 ne\u0161iojimosi ir panaudojimo s\u0105lygas ir atsakomyb\u0119.<\/p>\n<p>Praktin\u0117s dalies mokymo metu mokoma \u0161audyti i\u0161 \u012fvairi\u0173 r\u016b\u0161i\u0173 ginkl\u0173 ir supa\u017eindinama su saugaus elgesio su \u0161aunamaisiais ginklais taisykl\u0117mis. I\u0161laikius baigiam\u0105j\u012f egzamin\u0105, asmuo \u012fgyja teis\u0119 ne\u0161iotis profesinei veiklai skirtus ginklus, \u012fsigyti ir tur\u0117ti ginklus savigynai.<\/p>\n","protected":false},"excerpt":{"rendered":"<p class=\"tekstas\">\u012e \u0161aunamojo ginklo laikymo, ne\u0161iojimosi ir panaudojimo savigynai mokymo kursus priimami Lietuvos Respublikos pilie\u010diai taip pat u\u017esienio valstybi\u0173 pilie\u010diai turintis leidim\u0105 nuolat gyventi Lietuvos Respublikoje, sulauk\u0119 23 met\u0173 arba pageidaujantis \u012fsigyti ilg\u0105j\u012f lygiavamzd\u012f \u0161autuv\u0105 savigynai sulauk\u0119 21 met\u0173, turintys pagrindin\u012f i\u0161silavinim\u0105 ir medicinin\u0117s ap\u017ei\u016bros pa\u017eym\u0105 (049\/a forma ) . Kursantu patogumui u\u017esi\u0117mimai taip pat rengiami ir savaitgaliais.<\/p>\n","protected":false},"featured_media":69,"comment_status":"open","ping_status":"closed","template":"","meta":{"_monsterinsights_skip_tracking":false,"_monsterinsights_sitenote_active":false,"_monsterinsights_sitenote_note":"","_monsterinsights_sitenote_category":0,"spay_email":"","jetpack_publicize_message":"","jetpack_is_tweetstorm":false,"jetpack_publicize_feature_enabled":true},"product_cat":[19],"product_tag":[],"class_list":["post-306","product","type-product","status-publish","has-post-thumbnail","hentry","product_cat-kursai"],"_links":{"self":[{"href":"https:\/\/vsmcentras.lt\/index.php\/wp-json\/wp\/v2\/product\/306","targetHints":{"allow":["GET"]}}],"collection":[{"href":"https:\/\/vsmcentras.lt\/index.php\/wp-json\/wp\/v2\/product"}],"about":[{"href":"https:\/\/vsmcentras.lt\/index.php\/wp-json\/wp\/v2\/types\/product"}],"replies":[{"embeddable":true,"href":"https:\/\/vsmcentras.lt\/index.php\/wp-json\/wp\/v2\/comments?post=306"}],"wp:featuredmedia":[{"embeddable":true,"href":"https:\/\/vsmcentras.lt\/index.php\/wp-json\/wp\/v2\/media\/69"}],"wp:attachment":[{"href":"https:\/\/vsmcentras.lt\/index.php\/wp-json\/wp\/v2\/media?parent=306"}],"wp:term":[{"taxonomy":"product_cat","embeddable":true,"href":"https:\/\/vsmcentras.lt\/index.php\/wp-json\/wp\/v2\/product_cat?post=306"},{"taxonomy":"product_tag","embeddable":true,"href":"https:\/\/vsmcentras.lt\/index.php\/wp-json\/wp\/v2\/product_tag?post=306"}],"curies":[{"name":"wp","href":"https:\/\/api.w.org\/{rel}","templated":true}]}}